{"id":14,"date":"2017-03-17T02:53:04","date_gmt":"2017-03-17T01:53:04","guid":{"rendered":"http:\/\/christophegarreau.com\/?page_id=14"},"modified":"2024-03-30T18:23:38","modified_gmt":"2024-03-30T17:23:38","slug":"bio","status":"publish","type":"page","link":"http:\/\/christophegarreau.com\/index.php\/bio\/","title":{"rendered":"Bio"},"content":{"rendered":"<blockquote><p>Bassiste depuis 1975, parall\u00e8lement \u00e0 des \u00e9tudes d\u2019arts graphiques, Christophe Garreau a commenc\u00e9 professionnellement en 1981, et depuis n\u2019a plus v\u00e9cu que gr\u00e2ce \u00e0 la musique. Un parcours qui d\u00e9bute par la musique classique au piano d\u00e8s l\u2019\u00e2ge de 10 ans, la pop des ann\u00e9es 70 au lyc\u00e9e, le jazz au CIM avec d\u2019excellents musiciens et le blues, cette musique dont d\u00e9coulent toutes les autres.<\/p>\n<p>Tout \u00e7a le m\u00e8ne sur les routes et en studio avec Elisabeth Caumont, Paul Personne, Graem Allwright, Au P\u2019tit Bonheur, Jean-Pierre Kalfon, Fred Chapellier &#8230;<\/p><\/blockquote>\n<hr \/>\n<p>Apr\u00e8s avoir d\u00e9but\u00e9 la musique \u00e0 10 ans par le piano, je me suis finalement tourn\u00e9 \u00e0 17 ans vers la basse, puis la contrebasse ; je joue aussi \u00e0 l\u2019occasion d\u2019autres instruments.<\/p>\n<p>Apr\u00e8s avoir rencontr\u00e9 en 1980 de jeunes musiciens tr\u00e8s prometteurs dont Louis Winsberg, J\u00e9r\u00f4me Gueguen, Beno\u00eet de Mesmay, Alain Debiossat, Stephane Huchard, j\u2019ai enregistr\u00e9 \u00ab mon \u00bb premier LP, en fait celui d\u2019Elisabeth Caumont avec qui j\u2019ai fait mes d\u00e9buts \u00ab s\u00e9rieux \u00bb, sillonn\u00e9 la France, enregistr\u00e9 un deuxi\u00e8me disque, d\u00e9couvert l\u2019\u00c9tranger et des sc\u00e8nes prestigieuses.<\/p>\n<p>Jouant d\u00e9j\u00e0 du blues avec Tao Ravao, j\u2019avais rencontr\u00e9 Manu Galvin, Vincent Bucher et Fran\u00e7ois Bodin. Ce dernier m\u2019a pr\u00e9sent\u00e9 Paul Personne, avec qui j\u2019ai travaill\u00e9 une bonne dizaine d\u2019ann\u00e9e, particip\u00e9 \u00e0 4 tourn\u00e9es et 8 albums. C\u2019est l\u00e0 qu\u2019une solide amiti\u00e9 s\u2019est forg\u00e9e avec Michel Billez (Don Billiez &amp; Natural Elements), Olivier Lanneluc et Philippe Floris que je n\u2019ai cess\u00e9 de voir depuis.<\/p>\n<p>Entretemps, j\u2019ai travaill\u00e9 avec Graeme Allwright, Au P\u2019tit Bonheur, Jean-Pierre Marcellesi, Simon Genest, Gerard Darmon, Jean-Pierre Kalfon, les com\u00e9dies musicales Sol En Cirque et Mike Brant, Vincent Malone (le roi des papas), Herv\u00e9 Paul(CD), Julie Darnal(CD), Mama\u2019s Biscuits (CD), Patrick Verbeke(CD), Beno\u00eet Blue Boy, Steve Verbeke, Dick Rivers, Alain Berk\u00e8s, Pat Boudot-Lamot(CD), Clay Hamond, Bill Thomas, Keith B. Brown, Chicago Bob Nelson (RIP), Alvon Johnson, Shana Waterstown, Mike Welch, Kenny \u00ab Blues Boss \u00bb Wayne, Neal Black, BTC Blues Revue (CD\/DVD), Vincent Bucher (CD), Fred Chapellier (4CD), Ahmed Mouici (CD), Billy Price, Franck Goldwasser, Sal Bernardi, Diana Hamilton(CD), Marten Ingle, Big Dez, Sax Gordon, le groupe qu\u00e9b\u00e9cois \u00ab Chakidor \u00bb et c\u2019est gr\u00e2ce \u00e0 Larry Skoller (guitariste, producteur et ami\u2026) que j\u2019ai pu accompagner lors de leurs tourn\u00e9es Europ\u00e9ennes Matthew Skoller, Lurrie Bell, Little Smokey Smothers, Carlos Johnson, Charlie Love(CD), Deitra Farr, Keith Dun, Lynn Jordan, \u2026<\/p>\n<p>Le grand plaisir, c\u2019est de la jouer, la musique, et parmi les fantastiques musiciens que j\u2019ai rencontr\u00e9s, j\u2019ai aim\u00e9 jouer avec (dans le d\u00e9sordre et j\u2019en oubli s\u00fbrement\u2026)<\/p>\n<p><strong>\u00c0 la batterie :<\/strong> Guillaume D\u00e9starac, Amaury Blanchard, Stephane Huchard, M\u00e9d\u00e9ric Bourgue, Marty Vickers, Manu Millot, Philippe Floris, Yves Teslar, Umberto Pagnini, Larry Crockett, Stephane Mi\u00f1ana, Eric Lafont, Kirt Rust, Marc Hazon, Christophe Gaillot, Vincent Daune, Fabrice Millerioux, Simon Boyer, Julien Audigier,\u00a0 Xavier Desandre, Philippe Dray, Thierry LeGall, Jean-Luc Lopez, Pierre-Etienne Michelin, Julien Tekeyan, Philippe Leroux, Steve Belmonte, Fran\u00e7ois Causse, Arthur Bill\u00e8s, T.K.Lively, Marc Wilson, Tom Wilson, Marvin Kanarek, Dany Montgomery, Karim Bouazza, Steve Belmonte\u2026<\/p>\n<p><strong>\u00c0 la guitare :<\/strong> Fran\u00e7ois Bodin, J\u00e9r\u00e9mie Tepper, Larry Skoller, Manu Galvin, Fred Chapellier, Mar Todani, Ren\u00e9 Lebhar, Basile Leroux, Manu Vergeade, Eric Sauviat, Bruno Leroux, Philippe Hervou\u00ebt, Alain Berk\u00e8s, Louis Winsberg, Charlie Faber, Pierre Chereze, Paul Personne, Philippe Fernandez, Mick Ravassa, Rodolphe Dumont, Vincent Ardiet, Jonathan Chabbey, JM Fernandez, Stan Noubard-Pacha, Manu Guillou, Marc Loy, Pat Boudot-Lamot, Michael Ohayon, Kaled Bassam, Patrick Baldran\u2026<\/p>\n<p><strong>Aux Claviers :<\/strong> J\u00e9r\u00f4me Gueguen, Beno\u00eet de Mesmay, Olivier Lanneluc, Johan Dalgaard, Jean-Luc L\u00e9onardon, Pascal Simoni, Philippe Billoin, Luc Bertin, Slim Batteux, Fabien Saussaye, Sydney Wingfield, Mike Lattrell, Juien Brunetaud, Yves Prevel\u2026<\/p>\n<p><strong>Les violonistes :<\/strong> S\u00e9bastien Perron, Olivier Leclerc, Dany Vriet, Raphael Maillet, Val\u00e9rie Pichon, Sophie Bardou, Samuel Garreau\u2026<\/p>\n<p><strong>Et les \u00ab soufflants \u00bb :<\/strong> Don Billiez, Xavier Cobo, Alain Debiossat, Benjamin Petit, Drew Davis, Sax Gordon, Herv\u00e9 M\u00e9chinet, J\u00e9r\u00f4me Cornelis, Michel Gaucher, Eric Mulat, Pierre d\u2019Angelo, Antoine Illouze, Marc Thomas, Andrew Crocker, Vincent Bucher, Beno\u00eet Blue Boy, Steve Verbeke, Pascal \u00ab\u00a0Bako\u00a0\u00bb Mikaelian, Youssef Remadna, Nico Wayne Toussain, Rachel Plas, Greg Zlap&#8230;<\/p>\n<p><strong>Et mes p\u00f4tes bassistes<\/strong> avec qui j&rsquo;ai jou\u00e9 quand ils n&rsquo;en jouaient pas, Bernard Vigui\u00e9, Marten Ingle, Philippe Gonnand, Fred Payonne, et les autres, avec qui j\u2019aimerais jouer si je n\u2019\u00e9tais pas bassiste : Henri Dorina (un de mes bassistes favoris !), Dean Cherony, Tony Ballester, Johnny Feracci, Michel Alibo, Dominique Dipiazza, Gilles Michel, Yves Torchinski, Fred Math\u00e9, Thibault Chopin, Laurent Cokelaere, Dominique Grimaldi, Guy Delacroix, Pascal Lasnier, Cyrille Catois, Jean-Marc Despeignes, Philippe Bussonet, Max Darmon (\u00e0 suivre&#8230;)<\/p>\n<p><strong>Principaux artistes accompagn\u00e9s:<\/strong><\/p>\n<ul>\n<li>Elizabeth Caumont,(Jazz) de 82 \u00e091. 2 CD: \u00ab\u00a0Elizabeth Caumont\u00a0\u00bb &amp; \u00ab\u00a0Acte II\u00a0\u00bb<\/li>\n<li>Paul Personne, de 1989 \u00e0 2003. 5 tourn\u00e9es, 6 CD Studio: \u00ab\u00a0R\u00eave sid\u00e9ral d&rsquo;un na\u00eff id\u00e9al\u00a0\u00bb, \u00ab\u00a0Instantan\u00e9s\u00a0\u00bb, \u00ab\u00a0Patchwork Electrique\u00a0\u00bb(1999) , \u00ab\u00a0Demain\u2026 Il F&rsquo;ra Beau!\u00a0\u00bb Vol I + Vol II \u00ab Coup d\u2019Blues \u00bb(2003), Funambule (ou Tentative De Survie En Milieu Hostile)(2019) et 2 CD lives : \u00ab\u00a0La Route De La Chance\u00a0\u00bb(1991) et \u00ab\u00a0Route 97\u00a0\u00bb<\/li>\n<li>Graeme Allwright, (Chanson fran\u00e7aise)91\/92<\/li>\n<li>Herv\u00e9 PAUL,(Pop\/ Chanson fran\u00e7aise)de95\u00e098 ( 1CD: \u00ab\u00a0hp\u00a0\u00bb)<\/li>\n<li>Julie Darnal,(Chanson fr.) depuis 99 (1CD : \u00abentre nous soit dit\u00bb)<\/li>\n<li>Au P\u2019tit Bonheur, (Chanson fran\u00e7aise) 2001<\/li>\n<li>Dick Rivers, 2002\/2003<\/li>\n<li>Don Billiez &amp; Natural Elements, 2007\/2010 (1CD : \u00abCon Alma\u00bb)<\/li>\n<li>Yves Prevel Jazz Trio 2009<\/li>\n<li>Jean-Pierre Marcellesi, 2009 \u00e0 2012 (Chansons m\u00e9diterran\u00e9ennes)<\/li>\n<li>Simon Genest, depuis 2004 (chanteur\/humoriste qu\u00e9becois.)<\/li>\n<li>Sol En Cirque, Com\u00e9die musicale, 2006 \u00e0 2008<\/li>\n<li>Mike Brant, \u00ab Laisse nous t\u2019aimer \u00bb, Com\u00e9die musicale, 2010<\/li>\n<\/ul>\n<p><strong>Pour le blues en France:<\/strong><\/p>\n<ul>\n<li>Patrick Verbeke, participation \u00e0 1 CD:\u00a0\u00bbY2K BLUES\u00a0\u00bb<\/li>\n<li>Vincent Bucher, depuis 1984 si j\u2019ai bonne m\u00e9moire, CD \u00ab\u00a0Hometown\u00a0\u00bb<\/li>\n<li>Beno\u00eet Blue Boy,95\/96, et encore de temps en temps\u2026<\/li>\n<li>Alain Berk\u00e8s, 95\/99 (RIP)<\/li>\n<li>Karim Albert Kook,98\/01, CD: \u00ab\u00a0Je roule vers toi\u00a0\u00bb<\/li>\n<li>Pat Boudot-Lamot, 2CD \u00ab Quoi qu\u2019on en dise\u00a0\u00bb et \u00a0\u00bb Science inexacte \u00bb<\/li>\n<li>Keith B.Brown, 2001 puis 2005\/08<\/li>\n<li>BigDez et Sax Gordon, 2006\/08, et \u00e0 l\u2019occasion.<\/li>\n<li>Neal Black, 2011\/2012<\/li>\n<li>Mama&rsquo;s Biscuit, 2015\/2020<\/li>\n<li>BTC Blues Revue, depuis 2011 (Black\/Toussain\/Chapellier,1 CD\/DVD Live and More)<\/li>\n<li>FBI, 2006 (French Blues Initiative, avec Franck Goldwasser et Vincent Bucher)<\/li>\n<li>Fred Chapellier en trio, quartet, quintet ou octet, depuis 2017, CD : \u00ab\u00a0Fred Chapellier and the Gents, Featuring Dale Blade\u00a0\u00bb, \u00ab\u00a0Fred Chapellier Plays Peter Green\u00a0\u00bb , \u00ab\u00a0Straight To The Point\u00a0\u00bb , \u00ab\u00a0Live In Paris\u00a0\u00bb<\/li>\n<li>Ahmed Mouici, CD \u00ab\u00a0Une Pinte De Blues\u00a0\u00bb , \u00ab\u00a0Tribute to Goldies Vol II\u00a0\u00bb.<\/li>\n<li>Billy Price.<\/li>\n<\/ul>\n<p><strong>Accompagnateur de nombreux bluesmen am\u00e9ricains de passage en Europe dont:<\/strong><\/p>\n<p>Chicago \u00ab\u00a0Bob\u00a0\u00bb Nelson, Carlos Johnson, Charlie Love (1 CD enregistr\u00e9), Lynne Jordan, Little Smokey Smothers, Deytra Farr, Clay Hammond, Matthew Skoller, Franck\u00a0\u00bbParis Slim\u00a0\u00bbGoldwasser, Keith B. Brown, Monster Mike Welch, Kenny \u00ab Blues Boss \u00bb Wayne, Neal Black, Bill Thomas, Sal Bernardi, Marten Ingle, Chakidor, Billy Price \u2026<\/p>\n<p>Pas mal de s\u00e9ances pour des artistes fran\u00e7ais en province et \u00e0 l&rsquo;\u00e9tranger, et pour des musiques de film, t\u00e9l\u00e9film et publicit\u00e9. Participation \u00e0 une bonne cinquantaine d&rsquo;albums.<\/p>\n","protected":false},"excerpt":{"rendered":"<p>Bassiste depuis 1975, parall\u00e8lement \u00e0 des \u00e9tudes d\u2019arts graphiques, Christophe Garreau a commenc\u00e9 professionnellement en 1981, et depuis n\u2019a plus v\u00e9cu que gr\u00e2ce \u00e0 la musique. Un parcours qui d\u00e9bute par la musique classique au piano d\u00e8s l\u2019\u00e2ge de 10 ans, la pop des ann\u00e9es 70 au lyc\u00e9e, le jazz au CIM avec d\u2019excellents musiciens &hellip; <\/p>\n<p class=\"link-more\"><a href=\"http:\/\/christophegarreau.com\/index.php\/bio\/\" class=\"more-link\">Continuer la lecture<span class=\"screen-reader-text\"> de &laquo;&nbsp;Bio&nbsp;&raquo;<\/span><\/a><\/p>\n","protected":false},"author":1,"featured_media":15,"parent":0,"menu_order":0,"comment_status":"closed","ping_status":"closed","template":"","meta":[],"_links":{"self":[{"href":"http:\/\/christophegarreau.com\/index.php\/wp-json\/wp\/v2\/pages\/14"}],"collection":[{"href":"http:\/\/christophegarreau.com\/index.php\/wp-json\/wp\/v2\/pages"}],"about":[{"href":"http:\/\/christophegarreau.com\/index.php\/wp-json\/wp\/v2\/types\/page"}],"author":[{"embeddable":true,"href":"http:\/\/christophegarreau.com\/index.php\/wp-json\/wp\/v2\/users\/1"}],"replies":[{"embeddable":true,"href":"http:\/\/christophegarreau.com\/index.php\/wp-json\/wp\/v2\/comments?post=14"}],"version-history":[{"count":32,"href":"http:\/\/christophegarreau.com\/index.php\/wp-json\/wp\/v2\/pages\/14\/revisions"}],"predecessor-version":[{"id":276,"href":"http:\/\/christophegarreau.com\/index.php\/wp-json\/wp\/v2\/pages\/14\/revisions\/276"}],"wp:featuredmedia":[{"embeddable":true,"href":"http:\/\/christophegarreau.com\/index.php\/wp-json\/wp\/v2\/media\/15"}],"wp:attachment":[{"href":"http:\/\/christophegarreau.com\/index.php\/wp-json\/wp\/v2\/media?parent=14"}],"curies":[{"name":"wp","href":"https:\/\/api.w.org\/{rel}","templated":true}]}}