{"id":19,"date":"2017-03-17T02:54:34","date_gmt":"2017-03-17T01:54:34","guid":{"rendered":"http:\/\/christophegarreau.com\/?page_id=19"},"modified":"2017-07-23T16:10:09","modified_gmt":"2017-07-23T14:10:09","slug":"contact","status":"publish","type":"page","link":"http:\/\/christophegarreau.com\/index.php\/contact\/","title":{"rendered":"Contact"},"content":{"rendered":"<p>Christophe GARREAU<br \/>\nMail : <a href=\"mailto:christophe@christophegarreau.com\" target=\"_blank\" rel=\"external noopener noreferrer\">christophe@christophegarreau.com<\/a><\/p>\n<blockquote><p>&nbsp;<\/p>\n<p>Bassiste depuis 1975, parall\u00e8lement \u00e0 des \u00e9tudes d\u2019arts graphiques, Christophe Garreau a commenc\u00e9 professionnellement en 1981, et depuis n\u2019a plus v\u00e9cu que gr\u00e2ce \u00e0 la musique. Un parcours qui d\u00e9bute par la musique classique au piano d\u00e8s l\u2019\u00e2ge de 10 ans, la pop des ann\u00e9es 70 au lyc\u00e9e, le jazz au CIM avec d\u2019excellents musiciens et le blues, cette musique dont d\u00e9coulent toutes les autres.<\/p>\n<p>Tout \u00e7a le m\u00e8ne sur les routes et en studio avec Elisabeth Caumont, Paul Personne, Graem Allwright, Au P\u2019tit Bonheur, Jean-Pierre Kalfon, Fred Chapellier &#8230;<\/p><\/blockquote>\n","protected":false},"excerpt":{"rendered":"<p>Christophe GARREAU Mail : christophe@christophegarreau.com &nbsp; Bassiste depuis 1975, parall\u00e8lement \u00e0 des \u00e9tudes d\u2019arts graphiques, Christophe Garreau a commenc\u00e9 professionnellement en 1981, et depuis n\u2019a plus v\u00e9cu que gr\u00e2ce \u00e0 la musique. Un parcours qui d\u00e9bute par la musique classique au piano d\u00e8s l\u2019\u00e2ge de 10 ans, la pop des ann\u00e9es 70 au lyc\u00e9e, le &hellip; <\/p>\n<p class=\"link-more\"><a href=\"http:\/\/christophegarreau.com\/index.php\/contact\/\" class=\"more-link\">Continuer la lecture<span class=\"screen-reader-text\"> de &laquo;&nbsp;Contact&nbsp;&raquo;<\/span><\/a><\/p>\n","protected":false},"author":1,"featured_media":0,"parent":0,"menu_order":0,"comment_status":"closed","ping_status":"closed","template":"","meta":[],"_links":{"self":[{"href":"http:\/\/christophegarreau.com\/index.php\/wp-json\/wp\/v2\/pages\/19"}],"collection":[{"href":"http:\/\/christophegarreau.com\/index.php\/wp-json\/wp\/v2\/pages"}],"about":[{"href":"http:\/\/christophegarreau.com\/index.php\/wp-json\/wp\/v2\/types\/page"}],"author":[{"embeddable":true,"href":"http:\/\/christophegarreau.com\/index.php\/wp-json\/wp\/v2\/users\/1"}],"replies":[{"embeddable":true,"href":"http:\/\/christophegarreau.com\/index.php\/wp-json\/wp\/v2\/comments?post=19"}],"version-history":[{"count":10,"href":"http:\/\/christophegarreau.com\/index.php\/wp-json\/wp\/v2\/pages\/19\/revisions"}],"predecessor-version":[{"id":130,"href":"http:\/\/christophegarreau.com\/index.php\/wp-json\/wp\/v2\/pages\/19\/revisions\/130"}],"wp:attachment":[{"href":"http:\/\/christophegarreau.com\/index.php\/wp-json\/wp\/v2\/media?parent=19"}],"curies":[{"name":"wp","href":"https:\/\/api.w.org\/{rel}","templated":true}]}}